{"id":7831,"date":"2026-02-14T18:54:30","date_gmt":"2026-02-14T17:54:30","guid":{"rendered":"https:\/\/bszl.hu\/?page_id=7831"},"modified":"2026-02-14T19:01:27","modified_gmt":"2026-02-14T18:01:27","slug":"uj-projektjeink","status":"publish","type":"page","link":"https:\/\/www.bszl.hu\/en\/uj-projektjeink\/","title":{"rendered":"\u00daj projektjeink"},"content":{"rendered":"<div data-elementor-type=\"wp-page\" data-elementor-id=\"7831\" class=\"elementor elementor-7831\" data-elementor-post-type=\"page\">\n\t\t\t\t<div class=\"elementor-element elementor-element-bfced50 e-con-full e-flex e-con e-parent\" data-id=\"bfced50\" data-element_type=\"container\" data-e-type=\"container\">\n\t\t\t\t<div class=\"elementor-element elementor-element-7fd7dd0 elementor-widget elementor-widget-heading\" data-id=\"7fd7dd0\" data-element_type=\"widget\" data-e-type=\"widget\" data-widget_type=\"heading.default\">\n\t\t\t\t<div class=\"elementor-widget-container\">\n\t\t\t\t\t<h1 class=\"elementor-heading-title elementor-size-default\">NEW PROJECTS<\/h1>\t\t\t\t<\/div>\n\t\t\t\t<\/div>\n\t\t\t\t<div class=\"elementor-element elementor-element-fbee089 elementor-widget__width-initial elementor-widget-mobile__width-inherit elementor-widget elementor-widget-text-editor\" data-id=\"fbee089\" data-element_type=\"widget\" data-e-type=\"widget\" data-widget_type=\"text-editor.default\">\n\t\t\t\t<div class=\"elementor-widget-container\">\n\t\t\t\t\t\t\t\t\t<p>Coming soon...<\/p>\t\t\t\t\t\t\t\t<\/div>\n\t\t\t\t<\/div>\n\t\t\t\t<div class=\"elementor-element elementor-element-02ba529 elementor-mobile-align-center elementor-widget elementor-widget-button\" data-id=\"02ba529\" data-element_type=\"widget\" data-e-type=\"widget\" data-widget_type=\"button.default\">\n\t\t\t\t<div class=\"elementor-widget-container\">\n\t\t\t\t\t\t\t\t\t<div class=\"elementor-button-wrapper\">\n\t\t\t\t\t<a class=\"elementor-button elementor-button-link elementor-size-sm\" href=\"https:\/\/www.bszl.hu\/en\/kapcsolat\/\">\n\t\t\t\t\t\t<span class=\"elementor-button-content-wrapper\">\n\t\t\t\t\t\t\t\t\t<span class=\"elementor-button-text\">CONTACT US<\/span>\n\t\t\t\t\t<\/span>\n\t\t\t\t\t<\/a>\n\t\t\t\t<\/div>\n\t\t\t\t\t\t\t\t<\/div>\n\t\t\t\t<\/div>\n\t\t\t\t<\/div>\n\t\t<div class=\"elementor-element elementor-element-f1dbbe6 e-con-full e-flex e-con e-parent\" data-id=\"f1dbbe6\" data-element_type=\"container\" data-e-type=\"container\">\n\t\t<div class=\"elementor-element elementor-element-bce8cc2 e-con-full e-flex e-con e-child\" data-id=\"bce8cc2\" data-element_type=\"container\" data-e-type=\"container\" data-settings=\"{&quot;background_background&quot;:&quot;classic&quot;}\">\n\t\t\t\t<div class=\"elementor-element elementor-element-5ac7d56 elementor-widget elementor-widget-heading\" data-id=\"5ac7d56\" data-element_type=\"widget\" data-e-type=\"widget\" data-widget_type=\"heading.default\">\n\t\t\t\t<div class=\"elementor-widget-container\">\n\t\t\t\t\t<h4 class=\"elementor-heading-title elementor-size-default\">ASK AN OFFER<\/h4>\t\t\t\t<\/div>\n\t\t\t\t<\/div>\n\t\t\t\t<div class=\"elementor-element elementor-element-dc98c4a elementor-widget elementor-widget-text-editor\" data-id=\"dc98c4a\" data-element_type=\"widget\" data-e-type=\"widget\" data-widget_type=\"text-editor.default\">\n\t\t\t\t<div class=\"elementor-widget-container\">\n\t\t\t\t\t\t\t\t\t<p>To request a quote, please contact us via our contact details or enter your details in the window below:<\/p>\t\t\t\t\t\t\t\t<\/div>\n\t\t\t\t<\/div>\n\t\t<div class=\"elementor-element elementor-element-6145f58 e-con-full e-flex e-con e-child\" data-id=\"6145f58\" data-element_type=\"container\" data-e-type=\"container\" data-settings=\"{&quot;background_background&quot;:&quot;classic&quot;}\">\n\t\t\t\t<div class=\"elementor-element elementor-element-a9f7930 elementor-widget elementor-widget-heading\" data-id=\"a9f7930\" data-element_type=\"widget\" data-e-type=\"widget\" data-widget_type=\"heading.default\">\n\t\t\t\t<div class=\"elementor-widget-container\">\n\t\t\t\t\t<h3 class=\"elementor-heading-title elementor-size-default\">Balogh Ferenc<\/h3>\t\t\t\t<\/div>\n\t\t\t\t<\/div>\n\t\t\t\t<div class=\"elementor-element elementor-element-fccf8f6 elementor-widget elementor-widget-text-editor\" data-id=\"fccf8f6\" data-element_type=\"widget\" data-e-type=\"widget\" data-widget_type=\"text-editor.default\">\n\t\t\t\t<div class=\"elementor-widget-container\">\n\t\t\t\t\t\t\t\t\t<p>fejleszt\u00e9si igazgat\u00f3<\/p>\t\t\t\t\t\t\t\t<\/div>\n\t\t\t\t<\/div>\n\t\t\t\t<div class=\"elementor-element elementor-element-0f28e08 elementor-view-stacked elementor-shape-square elementor-position-inline-start elementor-mobile-position-inline-start elementor-widget elementor-widget-icon-box\" data-id=\"0f28e08\" data-element_type=\"widget\" data-e-type=\"widget\" data-widget_type=\"icon-box.default\">\n\t\t\t\t<div class=\"elementor-widget-container\">\n\t\t\t\t\t\t\t<div class=\"elementor-icon-box-wrapper\">\n\n\t\t\t\t\t\t<div class=\"elementor-icon-box-icon\">\n\t\t\t\t<a href=\"mailto:%20v.molnar@bszl.hu\" target=\"_blank\" class=\"elementor-icon\" tabindex=\"-1\" aria-label=\"f.balogh@bszl.hu\">\n\t\t\t\t<svg xmlns=\"http:\/\/www.w3.org\/2000\/svg\" width=\"32\" height=\"28\" viewbox=\"0 0 32 28\" fill=\"none\"><path d=\"M3.99984 3.5H27.9998C28.3535 3.5 28.6926 3.62292 28.9426 3.84171C29.1927 4.0605 29.3332 4.35725 29.3332 4.66667V23.3333C29.3332 23.6428 29.1927 23.9395 28.9426 24.1583C28.6926 24.3771 28.3535 24.5 27.9998 24.5H3.99984C3.64622 24.5 3.30708 24.3771 3.05703 24.1583C2.80698 23.9395 2.6665 23.6428 2.6665 23.3333V4.66667C2.6665 4.35725 2.80698 4.0605 3.05703 3.84171C3.30708 3.62292 3.64622 3.5 3.99984 3.5ZM16.0798 13.6302L7.5305 7.27767L5.80384 9.05567L16.0972 16.7032L26.2052 9.04983L24.4612 7.28467L16.0812 13.6302H16.0798Z\" fill=\"#0082FC\"><\/path><\/svg>\t\t\t\t<\/a>\n\t\t\t<\/div>\n\t\t\t\n\t\t\t\t\t\t<div class=\"elementor-icon-box-content\">\n\n\t\t\t\t\t\t\t\t\t<span class=\"elementor-icon-box-title\">\n\t\t\t\t\t\t<a href=\"mailto:%20v.molnar@bszl.hu\" target=\"_blank\" >\n\t\t\t\t\t\t\tf.balogh@bszl.hu\t\t\t\t\t\t<\/a>\n\t\t\t\t\t<\/span>\n\t\t\t\t\n\t\t\t\t\n\t\t\t<\/div>\n\t\t\t\n\t\t<\/div>\n\t\t\t\t\t\t<\/div>\n\t\t\t\t<\/div>\n\t\t\t\t<\/div>\n\t\t\t\t<\/div>\n\t\t<div class=\"elementor-element elementor-element-c5ed335 e-con-full e-flex e-con e-child\" data-id=\"c5ed335\" data-element_type=\"container\" data-e-type=\"container\">\n\t\t\t\t<div class=\"elementor-element elementor-element-e9d3549 elementor-widget elementor-widget-wp-widget-forminator_widget\" data-id=\"e9d3549\" data-element_type=\"widget\" data-e-type=\"widget\" data-widget_type=\"wp-widget-forminator_widget.default\">\n\t\t\t\t<div class=\"elementor-widget-container\">\n\t\t\t\t\t<form id=\"forminator-module-303\" class=\"forminator-custom-form forminator-custom-form-303\" method=\"post\" data-forminator-render=\"0\" data-uid=\"69d2a33dce383\" action=\"\"><div role=\"alert\" aria-live=\"polite\" class=\"forminator-response-message forminator-error\" aria-hidden=\"true\"><\/div><input type=\"hidden\" name=\"trp-form-language\" value=\"en\"\/><\/form>\t\t\t\t<\/div>\n\t\t\t\t<\/div>\n\t\t\t\t<\/div>\n\t\t\t\t<\/div>\n\t\t<div class=\"elementor-element elementor-element-20a7a9f e-flex e-con-boxed e-con e-parent\" data-id=\"20a7a9f\" data-element_type=\"container\" data-e-type=\"container\">\n\t\t\t\t\t<div class=\"e-con-inner\">\n\t\t\t\t<div class=\"elementor-element elementor-element-7baca73 elementor-widget elementor-widget-heading\" data-id=\"7baca73\" data-element_type=\"widget\" data-e-type=\"widget\" data-widget_type=\"heading.default\">\n\t\t\t\t<div class=\"elementor-widget-container\">\n\t\t\t\t\t<h2 class=\"elementor-heading-title elementor-size-default\">DOCUMENTS<\/span> TO DOWNLOAD<\/h2>\t\t\t\t<\/div>\n\t\t\t\t<\/div>\n\t\t\t\t<div class=\"elementor-element elementor-element-1712f69 e-n-tabs-mobile elementor-widget elementor-widget-n-tabs\" data-id=\"1712f69\" data-element_type=\"widget\" data-e-type=\"widget\" data-settings=\"{&quot;tabs_justify_horizontal&quot;:&quot;center&quot;,&quot;horizontal_scroll&quot;:&quot;disable&quot;}\" data-widget_type=\"nested-tabs.default\">\n\t\t\t\t<div class=\"elementor-widget-container\">\n\t\t\t\t\t\t\t<div class=\"e-n-tabs\" data-widget-number=\"24194921\" aria-label=\"Tabs. Open items with Enter or Space, close with Escape and navigate using the Arrow keys.\">\n\t\t\t<div class=\"e-n-tabs-heading\" role=\"tablist\">\n\t\t\t\t\t<button id=\"e-n-tab-title-241949211\" data-tab-title-id=\"e-n-tab-title-241949211\" class=\"e-n-tab-title\" aria-selected=\"true\" data-tab-index=\"1\" role=\"tab\" tabindex=\"0\" aria-controls=\"e-n-tab-content-241949211\" style=\"--n-tabs-title-order: 1;\">\n\t\t\t\t\t\t<span class=\"e-n-tab-title-text\">\n\t\t\t\tHU\t\t\t<\/span>\n\t\t<\/button>\n\t\t\t\t\t<\/div>\n\t\t\t<div class=\"e-n-tabs-content\">\n\t\t\t\t<div id=\"e-n-tab-content-241949211\" role=\"tabpanel\" aria-labelledby=\"e-n-tab-title-241949211\" data-tab-index=\"1\" style=\"--n-tabs-title-order: 1;\" class=\"e-active elementor-element elementor-element-b49057b e-con-full e-flex e-con e-child\" data-id=\"b49057b\" data-element_type=\"container\" data-e-type=\"container\">\n\t\t<div class=\"elementor-element elementor-element-fcd9aeb e-con-full e-flex e-con e-child\" data-id=\"fcd9aeb\" data-element_type=\"container\" data-e-type=\"container\">\n\t\t<div class=\"elementor-element elementor-element-96a143b e-con-full e-flex e-con e-child\" data-id=\"96a143b\" data-element_type=\"container\" data-e-type=\"container\" data-settings=\"{&quot;background_background&quot;:&quot;classic&quot;}\">\n\t\t<div class=\"elementor-element elementor-element-61bcb61 e-con-full e-flex e-con e-child\" data-id=\"61bcb61\" data-element_type=\"container\" data-e-type=\"container\" data-settings=\"{&quot;background_background&quot;:&quot;classic&quot;}\">\n\t\t\t\t<div class=\"elementor-element elementor-element-44c3a76 elementor-view-stacked elementor-shape-square elementor-widget elementor-widget-icon\" data-id=\"44c3a76\" data-element_type=\"widget\" data-e-type=\"widget\" data-widget_type=\"icon.default\">\n\t\t\t\t<div class=\"elementor-widget-container\">\n\t\t\t\t\t\t\t<div class=\"elementor-icon-wrapper\">\n\t\t\t<a class=\"elementor-icon\" href=\"https:\/\/bszl.hu\/wp-content\/uploads\/2024\/03\/ASZF_vegleges_20230501.pdf\" target=\"_blank\" rel=\"noopener\">\n\t\t\t<svg xmlns=\"http:\/\/www.w3.org\/2000\/svg\" width=\"28\" height=\"28\" viewbox=\"0 0 28 28\" fill=\"none\"><g clip-path=\"url(#clip0_230_17211)\"><path d=\"M15.1115 11.9681H20.67L13.9998 18.6383L7.32962 11.9681H12.8881V4.18617H15.1115V11.9681ZM5.10622 21.9734H22.8935V14.1915H25.1169V23.0851C25.1169 23.38 24.9997 23.6627 24.7912 23.8712C24.5828 24.0797 24.3 24.1968 24.0052 24.1968H3.99451C3.69967 24.1968 3.41691 24.0797 3.20842 23.8712C2.99994 23.6627 2.88281 23.38 2.88281 23.0851V14.1915H5.10622V21.9734Z\" fill=\"#0082FC\"><\/path><\/g><defs><clippath id=\"clip0_230_17211\"><rect width=\"26.6809\" height=\"26.6809\" fill=\"white\" transform=\"translate(0.65918 0.851059)\"><\/rect><\/clippath><\/defs><\/svg>\t\t\t<\/a>\n\t\t<\/div>\n\t\t\t\t\t\t<\/div>\n\t\t\t\t<\/div>\n\t\t\t\t<\/div>\n\t\t<div class=\"elementor-element elementor-element-c7c447c e-con-full e-flex e-con e-child\" data-id=\"c7c447c\" data-element_type=\"container\" data-e-type=\"container\" data-settings=\"{&quot;background_background&quot;:&quot;classic&quot;}\">\n\t\t\t\t<div class=\"elementor-element elementor-element-ca12409 elementor-widget elementor-widget-heading\" data-id=\"ca12409\" data-element_type=\"widget\" data-e-type=\"widget\" data-widget_type=\"heading.default\">\n\t\t\t\t<div class=\"elementor-widget-container\">\n\t\t\t\t\t<h3 class=\"elementor-heading-title elementor-size-default\">Terms and conditions<\/h3>\t\t\t\t<\/div>\n\t\t\t\t<\/div>\n\t\t\t\t<\/div>\n\t\t\t\t<\/div>\n\t\t<div class=\"elementor-element elementor-element-46d5a7f e-con-full e-flex e-con e-child\" data-id=\"46d5a7f\" data-element_type=\"container\" data-e-type=\"container\" data-settings=\"{&quot;background_background&quot;:&quot;classic&quot;}\">\n\t\t<div class=\"elementor-element elementor-element-6722c82 e-con-full e-flex e-con e-child\" data-id=\"6722c82\" data-element_type=\"container\" data-e-type=\"container\" data-settings=\"{&quot;background_background&quot;:&quot;classic&quot;}\">\n\t\t\t\t<div class=\"elementor-element elementor-element-38a4823 elementor-view-stacked elementor-shape-square elementor-widget elementor-widget-icon\" data-id=\"38a4823\" data-element_type=\"widget\" data-e-type=\"widget\" data-widget_type=\"icon.default\">\n\t\t\t\t<div class=\"elementor-widget-container\">\n\t\t\t\t\t\t\t<div class=\"elementor-icon-wrapper\">\n\t\t\t<a class=\"elementor-icon\" href=\"https:\/\/bszl.hu\/wp-content\/uploads\/2025\/01\/tuzvedelmi-szabalyzat-1-compressed-1-1-1.pdf\" target=\"_blank\" rel=\"noopener\">\n\t\t\t<svg xmlns=\"http:\/\/www.w3.org\/2000\/svg\" width=\"28\" height=\"28\" viewbox=\"0 0 28 28\" fill=\"none\"><g clip-path=\"url(#clip0_230_17211)\"><path d=\"M15.1115 11.9681H20.67L13.9998 18.6383L7.32962 11.9681H12.8881V4.18617H15.1115V11.9681ZM5.10622 21.9734H22.8935V14.1915H25.1169V23.0851C25.1169 23.38 24.9997 23.6627 24.7912 23.8712C24.5828 24.0797 24.3 24.1968 24.0052 24.1968H3.99451C3.69967 24.1968 3.41691 24.0797 3.20842 23.8712C2.99994 23.6627 2.88281 23.38 2.88281 23.0851V14.1915H5.10622V21.9734Z\" fill=\"#0082FC\"><\/path><\/g><defs><clippath id=\"clip0_230_17211\"><rect width=\"26.6809\" height=\"26.6809\" fill=\"white\" transform=\"translate(0.65918 0.851059)\"><\/rect><\/clippath><\/defs><\/svg>\t\t\t<\/a>\n\t\t<\/div>\n\t\t\t\t\t\t<\/div>\n\t\t\t\t<\/div>\n\t\t\t\t<\/div>\n\t\t<div class=\"elementor-element elementor-element-fe842f4 e-con-full e-flex e-con e-child\" data-id=\"fe842f4\" data-element_type=\"container\" data-e-type=\"container\" data-settings=\"{&quot;background_background&quot;:&quot;classic&quot;}\">\n\t\t\t\t<div class=\"elementor-element elementor-element-3f71abf elementor-widget elementor-widget-heading\" data-id=\"3f71abf\" data-element_type=\"widget\" data-e-type=\"widget\" data-widget_type=\"heading.default\">\n\t\t\t\t<div class=\"elementor-widget-container\">\n\t\t\t\t\t<h3 class=\"elementor-heading-title elementor-size-default\">T\u0170ZV\u00c9DELMI SZAB\u00c1LYZAT<\/h3>\t\t\t\t<\/div>\n\t\t\t\t<\/div>\n\t\t\t\t<\/div>\n\t\t\t\t<\/div>\n\t\t<div class=\"elementor-element elementor-element-a7e7fbf e-con-full e-flex e-con e-child\" data-id=\"a7e7fbf\" data-element_type=\"container\" data-e-type=\"container\" data-settings=\"{&quot;background_background&quot;:&quot;classic&quot;}\">\n\t\t<div class=\"elementor-element elementor-element-87de2ff e-con-full e-flex e-con e-child\" data-id=\"87de2ff\" data-element_type=\"container\" data-e-type=\"container\" data-settings=\"{&quot;background_background&quot;:&quot;classic&quot;}\">\n\t\t\t\t<div class=\"elementor-element elementor-element-b11f932 elementor-view-stacked elementor-shape-square elementor-widget elementor-widget-icon\" data-id=\"b11f932\" data-element_type=\"widget\" data-e-type=\"widget\" data-widget_type=\"icon.default\">\n\t\t\t\t<div class=\"elementor-widget-container\">\n\t\t\t\t\t\t\t<div class=\"elementor-icon-wrapper\">\n\t\t\t<a class=\"elementor-icon\" href=\"https:\/\/bszl.hu\/wp-content\/uploads\/2025\/02\/Telephelyrend_20250215_alarirt.pdf\" target=\"_blank\" rel=\"noopener\">\n\t\t\t<svg xmlns=\"http:\/\/www.w3.org\/2000\/svg\" width=\"28\" height=\"28\" viewbox=\"0 0 28 28\" fill=\"none\"><g clip-path=\"url(#clip0_230_17211)\"><path d=\"M15.1115 11.9681H20.67L13.9998 18.6383L7.32962 11.9681H12.8881V4.18617H15.1115V11.9681ZM5.10622 21.9734H22.8935V14.1915H25.1169V23.0851C25.1169 23.38 24.9997 23.6627 24.7912 23.8712C24.5828 24.0797 24.3 24.1968 24.0052 24.1968H3.99451C3.69967 24.1968 3.41691 24.0797 3.20842 23.8712C2.99994 23.6627 2.88281 23.38 2.88281 23.0851V14.1915H5.10622V21.9734Z\" fill=\"#0082FC\"><\/path><\/g><defs><clippath id=\"clip0_230_17211\"><rect width=\"26.6809\" height=\"26.6809\" fill=\"white\" transform=\"translate(0.65918 0.851059)\"><\/rect><\/clippath><\/defs><\/svg>\t\t\t<\/a>\n\t\t<\/div>\n\t\t\t\t\t\t<\/div>\n\t\t\t\t<\/div>\n\t\t\t\t<\/div>\n\t\t<div class=\"elementor-element elementor-element-ae5cfb3 e-con-full e-flex e-con e-child\" data-id=\"ae5cfb3\" data-element_type=\"container\" data-e-type=\"container\" data-settings=\"{&quot;background_background&quot;:&quot;classic&quot;}\">\n\t\t\t\t<div class=\"elementor-element elementor-element-90d4551 elementor-widget elementor-widget-heading\" data-id=\"90d4551\" data-element_type=\"widget\" data-e-type=\"widget\" data-widget_type=\"heading.default\">\n\t\t\t\t<div class=\"elementor-widget-container\">\n\t\t\t\t\t<h3 class=\"elementor-heading-title elementor-size-default\">TELEPHELYREND<\/h3>\t\t\t\t<\/div>\n\t\t\t\t<\/div>\n\t\t\t\t<div class=\"elementor-element elementor-element-17b4c65 elementor-widget elementor-widget-text-editor\" data-id=\"17b4c65\" data-element_type=\"widget\" data-e-type=\"widget\" data-widget_type=\"text-editor.default\">\n\t\t\t\t<div class=\"elementor-widget-container\">\n\t\t\t\t\t\t\t\t\t<p>2025. febru\u00e1r 15-t\u0151l \u00e9rv\u00e9nyes<\/p>\t\t\t\t\t\t\t\t<\/div>\n\t\t\t\t<\/div>\n\t\t\t\t<\/div>\n\t\t\t\t<\/div>\n\t\t\t\t<\/div>\n\t\t\t\t<\/div>\n\t\t\t\t\t<\/div>\n\t\t<\/div>\n\t\t\t\t\t\t<\/div>\n\t\t\t\t<\/div>\n\t\t\t\t\t<\/div>\n\t\t\t\t<\/div>\n\t\t\t\t<\/div>","protected":false},"excerpt":{"rendered":"<p>\u00daJ PROJEKTJEINK Hamarosan&#8230; KAPCSOLATFELV\u00c9TEL AJ\u00c1NLATK\u00c9R\u00c9S Aj\u00e1nlatk\u00e9r\u00e9ssel kapcsolatban k\u00e9rj\u00fck keressen minket el\u00e9rhet\u0151s\u00e9geinken vagy adja meg adatait az al\u00e1bbi ablakban: Balogh Ferenc fejleszt\u00e9si igazgat\u00f3 f.balogh@bszl.hu LET\u00d6LTHET\u0150 DOKUMENTUMOK HU \u00c1SZF T\u0170ZV\u00c9DELMI SZAB\u00c1LYZAT TELEPHELYREND 2025. febru\u00e1r 15-t\u0151l \u00e9rv\u00e9nyes \u00c1SZF T\u0170ZV\u00c9DELMI SZAB\u00c1LYZAT TELEPHELYREND 2025. febru\u00e1r 15-t\u0151l \u00e9rv\u00e9nyes<\/p>","protected":false},"author":3,"featured_media":0,"parent":0,"menu_order":0,"comment_status":"closed","ping_status":"closed","template":"","meta":{"footnotes":""},"class_list":["post-7831","page","type-page","status-publish","hentry"],"_links":{"self":[{"href":"https:\/\/www.bszl.hu\/en\/wp-json\/wp\/v2\/pages\/7831","targetHints":{"allow":["GET"]}}],"collection":[{"href":"https:\/\/www.bszl.hu\/en\/wp-json\/wp\/v2\/pages"}],"about":[{"href":"https:\/\/www.bszl.hu\/en\/wp-json\/wp\/v2\/types\/page"}],"author":[{"embeddable":true,"href":"https:\/\/www.bszl.hu\/en\/wp-json\/wp\/v2\/users\/3"}],"replies":[{"embeddable":true,"href":"https:\/\/www.bszl.hu\/en\/wp-json\/wp\/v2\/comments?post=7831"}],"version-history":[{"count":16,"href":"https:\/\/www.bszl.hu\/en\/wp-json\/wp\/v2\/pages\/7831\/revisions"}],"predecessor-version":[{"id":7848,"href":"https:\/\/www.bszl.hu\/en\/wp-json\/wp\/v2\/pages\/7831\/revisions\/7848"}],"wp:attachment":[{"href":"https:\/\/www.bszl.hu\/en\/wp-json\/wp\/v2\/media?parent=7831"}],"curies":[{"name":"wp","href":"https:\/\/api.w.org\/{rel}","templated":true}]}}